{"id":1606,"date":"2023-10-24T15:22:26","date_gmt":"2023-10-24T13:22:26","guid":{"rendered":"https:\/\/trachtengau.org\/wordpress\/?page_id=1606"},"modified":"2023-10-24T15:24:23","modified_gmt":"2023-10-24T13:24:23","slug":"aej-lehrgang-2023","status":"publish","type":"page","link":"https:\/\/trachtengau.org\/wordpress\/aej-lehrgang-2023\/","title":{"rendered":"AEJ-Lehrgang 2023"},"content":{"rendered":"<div class=\"fusion-fullwidth fullwidth-box fusion-builder-row-1 fusion-flex-container has-pattern-background has-mask-background nonhundred-percent-fullwidth non-hundred-percent-height-scrolling\" style=\"--awb-border-radius-top-left:0px;--awb-border-radius-top-right:0px;--awb-border-radius-bottom-right:0px;--awb-border-radius-bottom-left:0px;--awb-flex-wrap:wrap;\" ><div class=\"fusion-builder-row fusion-row fusion-flex-align-items-flex-start fusion-flex-content-wrap\" style=\"max-width:1248px;margin-left: calc(-4% \/ 2 );margin-right: calc(-4% \/ 2 );\"><div class=\"fusion-layout-column fusion_builder_column fusion-builder-column-0 fusion_builder_column_1_1 1_1 fusion-flex-column\" style=\"--awb-bg-size:cover;--awb-width-large:100%;--awb-margin-top-large:0px;--awb-spacing-right-large:1.92%;--awb-margin-bottom-large:20px;--awb-spacing-left-large:1.92%;--awb-width-medium:100%;--awb-order-medium:0;--awb-spacing-right-medium:1.92%;--awb-spacing-left-medium:1.92%;--awb-width-small:100%;--awb-order-small:0;--awb-spacing-right-small:1.92%;--awb-spacing-left-small:1.92%;\"><div class=\"fusion-column-wrapper fusion-column-has-shadow fusion-flex-justify-content-flex-start fusion-content-layout-column\"><div class=\"fusion-text fusion-text-1\"><h3><\/h3>\n<h3 style=\"text-align: center;\"><strong>AEJ-Lehrgang in Bischofswiesen<\/strong><\/h3>\n<h3><img decoding=\"async\" class=\"wp-image-1608 aligncenter\" src=\"https:\/\/trachtengau.org\/wordpress\/wp-content\/uploads\/2023\/10\/DSC_0067-1024x712.jpg\" alt=\"\" width=\"465\" height=\"323\" srcset=\"https:\/\/trachtengau.org\/wordpress\/wp-content\/uploads\/2023\/10\/DSC_0067-200x139.jpg 200w, https:\/\/trachtengau.org\/wordpress\/wp-content\/uploads\/2023\/10\/DSC_0067-300x209.jpg 300w, https:\/\/trachtengau.org\/wordpress\/wp-content\/uploads\/2023\/10\/DSC_0067-400x278.jpg 400w, https:\/\/trachtengau.org\/wordpress\/wp-content\/uploads\/2023\/10\/DSC_0067-600x417.jpg 600w, https:\/\/trachtengau.org\/wordpress\/wp-content\/uploads\/2023\/10\/DSC_0067-768x534.jpg 768w, https:\/\/trachtengau.org\/wordpress\/wp-content\/uploads\/2023\/10\/DSC_0067-800x556.jpg 800w, https:\/\/trachtengau.org\/wordpress\/wp-content\/uploads\/2023\/10\/DSC_0067-1024x712.jpg 1024w, https:\/\/trachtengau.org\/wordpress\/wp-content\/uploads\/2023\/10\/DSC_0067-1200x834.jpg 1200w, https:\/\/trachtengau.org\/wordpress\/wp-content\/uploads\/2023\/10\/DSC_0067-1536x1068.jpg 1536w\" sizes=\"(max-width: 465px) 100vw, 465px\" \/><\/h3>\n<p>Mit freiem Blick auf das Bergmassiv des Watzmanns fand vom 14. \u2013 15.10.2023 wieder unser allj\u00e4hrlicher AEJ-Lehrgang in der Jugendherberge Bischofswiesen im Berchtesgadener Land statt. Da es neue Richtlinien f\u00fcr die F\u00f6rderung von Aktivit\u00e4ten im Bayerischen Trachtenverband gibt, stand am Samstagvormittag f\u00fcr die Jugendleiter*innen eine Schulung an, wie das neue Antragsformular f\u00fcr die Staatsf\u00f6rderung auszuf\u00fcllen ist. Nach dem Mittagessen ging es dann vergn\u00fcglicher zu. F\u00fcr das Thema \u201eSingen, Tanzen und Musizieren mit Kindern\u201c am Sonntag mussten noch einige Vorarbeiten geleistet werden. Aus den einfachsten Materialien bastelten die Jugendleiter*innen lustige Rhythmusinstrumente: ein Kronkorken-Tamburin, eine Blumentopf-Butterbrotpapier-Trommel, eine \u00dc-Ei-L\u00f6ffel-Rassel, eine Becher-Gitarre und Kronkorken-Bierdeckel-Kastagnetten. Nat\u00fcrlich wurden die selbstgebauten Instrumente gleich ausprobiert und so mancher entdeckte dabei sein musikalisches Talent. Den Abend lie\u00dfen wir dann in geselliger Runde mit Musik und Tanz ausklingen. Am Sonntag kamen dann unsere Instrumente zu Einsatz. Referent Markus Gromes vom Gauverband I zog uns gleich mit seiner diatonischen Harmonika in seinen Bann und vermittelte uns, wie man Kindern f\u00fcr das\u00a0 gemeinsame Singen begeistern kann. Und in Verbindung mit Bewegung und Tanz macht es gleich doppelt so viel Spa\u00df. Ob bei \u201eHintn bei da Stadlt\u00fcr\u201c, Bauernmadl\u201c, \u201eHans, was duast denn du da\u201c oder beim \u201eWei\u00dfwurst-Rap\u201c, alle Jugendleiter*\u00ecnnen sangen und tanzten eifrig mit. Ehe man sich versah, war es auch schon Zeit f\u00fcrs Mittagessen und wir traten wieder die Heimreise an. Wir blicken auf einen lehrreichen und heiteren Lehrgang zur\u00fcck, der uns allen riesengro\u00dfen Spa\u00df gemacht hat.<\/p>\n<\/div><\/div><\/div><\/div><\/div>\n","protected":false},"excerpt":{"rendered":"","protected":false},"author":2,"featured_media":0,"parent":0,"menu_order":0,"comment_status":"closed","ping_status":"closed","template":"","meta":{"footnotes":""},"class_list":["post-1606","page","type-page","status-publish","hentry"],"yoast_head":"<!-- This site is optimized with the Yoast SEO plugin v21.7 - https:\/\/yoast.com\/wordpress\/plugins\/seo\/ -->\n<title>AEJ-Lehrgang 2023 - Trachtengau M\u00fcnchen und Umgebung<\/title>\n<meta name=\"robots\" content=\"index, follow, max-snippet:-1, max-image-preview:large, max-video-preview:-1\" \/>\n<link rel=\"canonical\" href=\"https:\/\/trachtengau.org\/wordpress\/aej-lehrgang-2023\/\" \/>\n<meta property=\"og:locale\" content=\"de_DE\" \/>\n<meta property=\"og:type\" content=\"article\" \/>\n<meta property=\"og:title\" content=\"AEJ-Lehrgang 2023 - Trachtengau M\u00fcnchen und Umgebung\" \/>\n<meta property=\"og:url\" content=\"https:\/\/trachtengau.org\/wordpress\/aej-lehrgang-2023\/\" \/>\n<meta property=\"og:site_name\" content=\"Trachtengau M\u00fcnchen und Umgebung\" \/>\n<meta property=\"article:modified_time\" content=\"2023-10-24T13:24:23+00:00\" \/>\n<meta property=\"og:image\" content=\"https:\/\/trachtengau.org\/wordpress\/wp-content\/uploads\/2023\/10\/DSC_0067-1024x712.jpg\" \/>\n<meta name=\"twitter:card\" content=\"summary_large_image\" \/>\n<meta name=\"twitter:label1\" content=\"Gesch\u00e4tzte Lesezeit\" \/>\n\t<meta name=\"twitter:data1\" content=\"4\u00a0Minuten\" \/>\n<script type=\"application\/ld+json\" class=\"yoast-schema-graph\">{\"@context\":\"https:\/\/schema.org\",\"@graph\":[{\"@type\":\"WebPage\",\"@id\":\"https:\/\/trachtengau.org\/wordpress\/aej-lehrgang-2023\/\",\"url\":\"https:\/\/trachtengau.org\/wordpress\/aej-lehrgang-2023\/\",\"name\":\"AEJ-Lehrgang 2023 - Trachtengau M\u00fcnchen und Umgebung\",\"isPartOf\":{\"@id\":\"https:\/\/trachtengau.org\/wordpress\/#website\"},\"datePublished\":\"2023-10-24T13:22:26+00:00\",\"dateModified\":\"2023-10-24T13:24:23+00:00\",\"breadcrumb\":{\"@id\":\"https:\/\/trachtengau.org\/wordpress\/aej-lehrgang-2023\/#breadcrumb\"},\"inLanguage\":\"de\",\"potentialAction\":[{\"@type\":\"ReadAction\",\"target\":[\"https:\/\/trachtengau.org\/wordpress\/aej-lehrgang-2023\/\"]}]},{\"@type\":\"BreadcrumbList\",\"@id\":\"https:\/\/trachtengau.org\/wordpress\/aej-lehrgang-2023\/#breadcrumb\",\"itemListElement\":[{\"@type\":\"ListItem\",\"position\":1,\"name\":\"Startseite\",\"item\":\"https:\/\/trachtengau.org\/wordpress\/\"},{\"@type\":\"ListItem\",\"position\":2,\"name\":\"AEJ-Lehrgang 2023\"}]},{\"@type\":\"WebSite\",\"@id\":\"https:\/\/trachtengau.org\/wordpress\/#website\",\"url\":\"https:\/\/trachtengau.org\/wordpress\/\",\"name\":\"Trachtengau M\u00fcnchen und Umgebung\",\"description\":\"\",\"potentialAction\":[{\"@type\":\"SearchAction\",\"target\":{\"@type\":\"EntryPoint\",\"urlTemplate\":\"https:\/\/trachtengau.org\/wordpress\/?s={search_term_string}\"},\"query-input\":\"required name=search_term_string\"}],\"inLanguage\":\"de\"}]}<\/script>\n<!-- \/ Yoast SEO plugin. -->","yoast_head_json":{"title":"AEJ-Lehrgang 2023 - Trachtengau M\u00fcnchen und Umgebung","robots":{"index":"index","follow":"follow","max-snippet":"max-snippet:-1","max-image-preview":"max-image-preview:large","max-video-preview":"max-video-preview:-1"},"canonical":"https:\/\/trachtengau.org\/wordpress\/aej-lehrgang-2023\/","og_locale":"de_DE","og_type":"article","og_title":"AEJ-Lehrgang 2023 - Trachtengau M\u00fcnchen und Umgebung","og_url":"https:\/\/trachtengau.org\/wordpress\/aej-lehrgang-2023\/","og_site_name":"Trachtengau M\u00fcnchen und Umgebung","article_modified_time":"2023-10-24T13:24:23+00:00","og_image":[{"url":"https:\/\/trachtengau.org\/wordpress\/wp-content\/uploads\/2023\/10\/DSC_0067-1024x712.jpg"}],"twitter_card":"summary_large_image","twitter_misc":{"Gesch\u00e4tzte Lesezeit":"4\u00a0Minuten"},"schema":{"@context":"https:\/\/schema.org","@graph":[{"@type":"WebPage","@id":"https:\/\/trachtengau.org\/wordpress\/aej-lehrgang-2023\/","url":"https:\/\/trachtengau.org\/wordpress\/aej-lehrgang-2023\/","name":"AEJ-Lehrgang 2023 - Trachtengau M\u00fcnchen und Umgebung","isPartOf":{"@id":"https:\/\/trachtengau.org\/wordpress\/#website"},"datePublished":"2023-10-24T13:22:26+00:00","dateModified":"2023-10-24T13:24:23+00:00","breadcrumb":{"@id":"https:\/\/trachtengau.org\/wordpress\/aej-lehrgang-2023\/#breadcrumb"},"inLanguage":"de","potentialAction":[{"@type":"ReadAction","target":["https:\/\/trachtengau.org\/wordpress\/aej-lehrgang-2023\/"]}]},{"@type":"BreadcrumbList","@id":"https:\/\/trachtengau.org\/wordpress\/aej-lehrgang-2023\/#breadcrumb","itemListElement":[{"@type":"ListItem","position":1,"name":"Startseite","item":"https:\/\/trachtengau.org\/wordpress\/"},{"@type":"ListItem","position":2,"name":"AEJ-Lehrgang 2023"}]},{"@type":"WebSite","@id":"https:\/\/trachtengau.org\/wordpress\/#website","url":"https:\/\/trachtengau.org\/wordpress\/","name":"Trachtengau M\u00fcnchen und Umgebung","description":"","potentialAction":[{"@type":"SearchAction","target":{"@type":"EntryPoint","urlTemplate":"https:\/\/trachtengau.org\/wordpress\/?s={search_term_string}"},"query-input":"required name=search_term_string"}],"inLanguage":"de"}]}},"_links":{"self":[{"href":"https:\/\/trachtengau.org\/wordpress\/wp-json\/wp\/v2\/pages\/1606","targetHints":{"allow":["GET"]}}],"collection":[{"href":"https:\/\/trachtengau.org\/wordpress\/wp-json\/wp\/v2\/pages"}],"about":[{"href":"https:\/\/trachtengau.org\/wordpress\/wp-json\/wp\/v2\/types\/page"}],"author":[{"embeddable":true,"href":"https:\/\/trachtengau.org\/wordpress\/wp-json\/wp\/v2\/users\/2"}],"replies":[{"embeddable":true,"href":"https:\/\/trachtengau.org\/wordpress\/wp-json\/wp\/v2\/comments?post=1606"}],"version-history":[{"count":2,"href":"https:\/\/trachtengau.org\/wordpress\/wp-json\/wp\/v2\/pages\/1606\/revisions"}],"predecessor-version":[{"id":1609,"href":"https:\/\/trachtengau.org\/wordpress\/wp-json\/wp\/v2\/pages\/1606\/revisions\/1609"}],"wp:attachment":[{"href":"https:\/\/trachtengau.org\/wordpress\/wp-json\/wp\/v2\/media?parent=1606"}],"curies":[{"name":"wp","href":"https:\/\/api.w.org\/{rel}","templated":true}]}}