{"id":1208,"date":"2021-10-28T17:14:31","date_gmt":"2021-10-28T15:14:31","guid":{"rendered":"https:\/\/trachtengau.org\/wordpress\/?page_id=1208"},"modified":"2021-10-28T17:35:18","modified_gmt":"2021-10-28T15:35:18","slug":"aej-lehrgang-2021-in-holzhausen","status":"publish","type":"page","link":"https:\/\/trachtengau.org\/wordpress\/berichte\/rueckblick-2021-2\/aej-lehrgang-2021-in-holzhausen\/","title":{"rendered":"AEJ-Lehrgang 2021 in Holzhausen"},"content":{"rendered":"<div class=\"fusion-fullwidth fullwidth-box fusion-builder-row-1 fusion-flex-container nonhundred-percent-fullwidth non-hundred-percent-height-scrolling\" style=\"--awb-border-radius-top-left:0px;--awb-border-radius-top-right:0px;--awb-border-radius-bottom-right:0px;--awb-border-radius-bottom-left:0px;--awb-flex-wrap:wrap;\" ><div class=\"fusion-builder-row fusion-row fusion-flex-align-items-flex-start fusion-flex-content-wrap\" style=\"max-width:1248px;margin-left: calc(-4% \/ 2 );margin-right: calc(-4% \/ 2 );\"><div class=\"fusion-layout-column fusion_builder_column fusion-builder-column-0 fusion_builder_column_1_1 1_1 fusion-flex-column\" style=\"--awb-bg-size:cover;--awb-width-large:100%;--awb-margin-top-large:0px;--awb-spacing-right-large:1.92%;--awb-margin-bottom-large:20px;--awb-spacing-left-large:1.92%;--awb-width-medium:100%;--awb-order-medium:0;--awb-spacing-right-medium:1.92%;--awb-spacing-left-medium:1.92%;--awb-width-small:100%;--awb-order-small:0;--awb-spacing-right-small:1.92%;--awb-spacing-left-small:1.92%;\"><div class=\"fusion-column-wrapper fusion-column-has-shadow fusion-flex-justify-content-flex-start fusion-content-layout-column\"><div class=\"fusion-text fusion-text-1\" style=\"--awb-text-transform:none;\"><h1 style=\"text-align: center;\">AEJ-Lehrgang in Holzhausen<\/h1>\n<\/div><div class=\"fusion-content-boxes content-boxes columns row fusion-columns-1 fusion-columns-total-1 fusion-content-boxes-1 content-boxes-icon-with-title content-left\" style=\"--awb-hover-accent-color:#000000;--awb-circle-hover-accent-color:#000000;--awb-item-margin-bottom:40px;\" data-animationOffset=\"top-into-view\"><div style=\"--awb-backgroundcolor:rgba(255,255,255,0);\" class=\"fusion-column content-box-column content-box-column content-box-column-1 col-lg-12 col-md-12 col-sm-12 fusion-content-box-hover content-box-column-last content-box-column-last-in-row\"><div class=\"col content-box-wrapper content-wrapper link-area-link-icon content-icon-wrapper-yes icon-hover-animation-fade\" data-animationOffset=\"top-into-view\"><div class=\"fusion-clearfix\"><\/div><div class=\"content-container\">\n<p><img decoding=\"async\" class=\"aligncenter\" src=\"https:\/\/trachtengau.org\/wordpress\/wp-content\/uploads\/2021\/10\/DSC_0135-2-scaled.jpg\" width=\"684\" height=\"456\" \/><\/p>\n<p>Am Wochenende vom 23. \u2013 24. Oktober 2021 fand im Trachtenkulturzentrum in Holzhausen der allj\u00e4hrlich stattfindende AEJ-Lehrgang der Jugendleiter der Trachtenjugend Gau M\u00fcnchen und Umgebung statt. Thema am Samstag war \u201eTheater f\u00fcr Kinder und Jugendliche\u201c. Wir hatten das gro\u00dfe Gl\u00fcck, als Referentin Sabine Gruber vom Bayerischen Inngau-Trachtenverband zu gewinnen. Der Vormittag begann mit einer theoretischen Einf\u00fchrung. Dabei ging es um Grundlagen des Theaterspiels, aber auch um die Erarbeitung der Vor- und Nachteile des Theaterspielens f\u00fcr den Verein, f\u00fcr den Jugendleiter sowie f\u00fcr die Kinder und Jugendlichen. Aufgelockert wurde der theoretische Teil mit den humorvollen \u201eSketch-Happen\u201c des Lindenthaler-Volkstheaters, die man im Internet abrufen kann (sehr zu empfehlen!). \u00a0Nach dem Mittagessen ging es dann in die zweite Runde. Aufgabenstellung war, sich zu den M\u00e4rchen \u201eFrau Holle\u201c und \u201eRotk\u00e4ppchen\u201c sowie zu einer pantomimischen Darstellung eines Kinobesuchs einen 10-15-min\u00fctigen Einakter bzw. Sketch auszudenken. Dazu hatten die Jugendleiter, aufgeteilt in drei Gruppen, bis zum sp\u00e4ten Nachmittag Zeit. Das Ergebnis konnte sich durchaus sehen lassen. Es waren drei v\u00f6llig verschiedene Vorf\u00fchrungen, in denen die Jugendleiter zeigen konnten, welches schauspielerische Talent in ihnen steckt. Wir haben Tr\u00e4nen gelacht! Am Nachmittag kam auch unser Gauvorstand Ludwig Huber mit seiner Frau zu Besuch, die sich sichtlich \u00fcber die Darbietungen am\u00fcsierten. Den Abend lie\u00dfen wir dann in geselliger Runde in der gem\u00fctlichen \u201eP\u00f6schl-Stubn\u201c ausklingen. Am Sonntagmorgen stand f\u00fcr die Jugendleiter \u201eOrganisatorisches\u201c auf dem Programm. So erkl\u00e4rte uns unser Gaujugendleiter Markus Hochlahner u.a. noch einmal das Programm f\u00fcr die Kinder- und Jugenderhebung, das von der Bayerischen Trachtenjugend zur Verf\u00fcgung gestellt wird.<br \/>\nEhe man sich versah, war es auch schon Zeit f\u00fcrs Mittagessen und dann traten wir wieder die Heimreise an. Es war wieder ein gelungener Lehrgang, den die Jugendleiter mit Sicherheit noch lange in Erinnerung behalten werden. Ein herzliches Vergelt\u2019s Gott an unsere Referentin Sabine Gruber, die uns \u201eLust auf Theater\u201c gemacht hat.<\/p>\n<p>Michaela Pinnau<\/p>\n<p style=\"text-align: center;\"><a href=\"https:\/\/trachtengau.org\/wordpress\/galerie-2\/aej-lehrgang-2021\/\"><strong>Hier geht&#8217;s zu den Bildern<\/strong><\/a><\/p>\n<\/div><\/div><\/div><div class=\"fusion-clearfix\"><\/div><\/div><\/div><\/div><\/div><\/div>\n","protected":false},"excerpt":{"rendered":"","protected":false},"author":2,"featured_media":0,"parent":559,"menu_order":0,"comment_status":"closed","ping_status":"closed","template":"","meta":{"footnotes":""},"class_list":["post-1208","page","type-page","status-publish","hentry"],"yoast_head":"<!-- This site is optimized with the Yoast SEO plugin v21.7 - https:\/\/yoast.com\/wordpress\/plugins\/seo\/ -->\n<title>AEJ-Lehrgang 2021 in Holzhausen - Trachtengau M\u00fcnchen und Umgebung<\/title>\n<meta name=\"robots\" content=\"index, follow, max-snippet:-1, max-image-preview:large, max-video-preview:-1\" \/>\n<link rel=\"canonical\" href=\"https:\/\/trachtengau.org\/wordpress\/berichte\/rueckblick-2021-2\/aej-lehrgang-2021-in-holzhausen\/\" \/>\n<meta property=\"og:locale\" content=\"de_DE\" \/>\n<meta property=\"og:type\" content=\"article\" \/>\n<meta property=\"og:title\" content=\"AEJ-Lehrgang 2021 in Holzhausen - Trachtengau M\u00fcnchen und Umgebung\" \/>\n<meta property=\"og:url\" content=\"https:\/\/trachtengau.org\/wordpress\/berichte\/rueckblick-2021-2\/aej-lehrgang-2021-in-holzhausen\/\" \/>\n<meta property=\"og:site_name\" content=\"Trachtengau M\u00fcnchen und Umgebung\" \/>\n<meta property=\"article:modified_time\" content=\"2021-10-28T15:35:18+00:00\" \/>\n<meta property=\"og:image\" content=\"https:\/\/trachtengau.org\/wordpress\/wp-content\/uploads\/2021\/10\/DSC_0135-2-scaled.jpg\" \/>\n<meta name=\"twitter:card\" content=\"summary_large_image\" \/>\n<meta name=\"twitter:label1\" content=\"Gesch\u00e4tzte Lesezeit\" \/>\n\t<meta name=\"twitter:data1\" content=\"2\u00a0Minuten\" \/>\n<script type=\"application\/ld+json\" class=\"yoast-schema-graph\">{\"@context\":\"https:\/\/schema.org\",\"@graph\":[{\"@type\":\"WebPage\",\"@id\":\"https:\/\/trachtengau.org\/wordpress\/berichte\/rueckblick-2021-2\/aej-lehrgang-2021-in-holzhausen\/\",\"url\":\"https:\/\/trachtengau.org\/wordpress\/berichte\/rueckblick-2021-2\/aej-lehrgang-2021-in-holzhausen\/\",\"name\":\"AEJ-Lehrgang 2021 in Holzhausen - Trachtengau M\u00fcnchen und Umgebung\",\"isPartOf\":{\"@id\":\"https:\/\/trachtengau.org\/wordpress\/#website\"},\"datePublished\":\"2021-10-28T15:14:31+00:00\",\"dateModified\":\"2021-10-28T15:35:18+00:00\",\"breadcrumb\":{\"@id\":\"https:\/\/trachtengau.org\/wordpress\/berichte\/rueckblick-2021-2\/aej-lehrgang-2021-in-holzhausen\/#breadcrumb\"},\"inLanguage\":\"de\",\"potentialAction\":[{\"@type\":\"ReadAction\",\"target\":[\"https:\/\/trachtengau.org\/wordpress\/berichte\/rueckblick-2021-2\/aej-lehrgang-2021-in-holzhausen\/\"]}]},{\"@type\":\"BreadcrumbList\",\"@id\":\"https:\/\/trachtengau.org\/wordpress\/berichte\/rueckblick-2021-2\/aej-lehrgang-2021-in-holzhausen\/#breadcrumb\",\"itemListElement\":[{\"@type\":\"ListItem\",\"position\":1,\"name\":\"Startseite\",\"item\":\"https:\/\/trachtengau.org\/wordpress\/\"},{\"@type\":\"ListItem\",\"position\":2,\"name\":\"Berichte\",\"item\":\"https:\/\/trachtengau.org\/wordpress\/berichte\/\"},{\"@type\":\"ListItem\",\"position\":3,\"name\":\"R\u00fcckblick 2021\",\"item\":\"https:\/\/trachtengau.org\/wordpress\/berichte\/rueckblick-2021-2\/\"},{\"@type\":\"ListItem\",\"position\":4,\"name\":\"AEJ-Lehrgang 2021 in Holzhausen\"}]},{\"@type\":\"WebSite\",\"@id\":\"https:\/\/trachtengau.org\/wordpress\/#website\",\"url\":\"https:\/\/trachtengau.org\/wordpress\/\",\"name\":\"Trachtengau M\u00fcnchen und Umgebung\",\"description\":\"\",\"potentialAction\":[{\"@type\":\"SearchAction\",\"target\":{\"@type\":\"EntryPoint\",\"urlTemplate\":\"https:\/\/trachtengau.org\/wordpress\/?s={search_term_string}\"},\"query-input\":\"required name=search_term_string\"}],\"inLanguage\":\"de\"}]}<\/script>\n<!-- \/ Yoast SEO plugin. -->","yoast_head_json":{"title":"AEJ-Lehrgang 2021 in Holzhausen - Trachtengau M\u00fcnchen und Umgebung","robots":{"index":"index","follow":"follow","max-snippet":"max-snippet:-1","max-image-preview":"max-image-preview:large","max-video-preview":"max-video-preview:-1"},"canonical":"https:\/\/trachtengau.org\/wordpress\/berichte\/rueckblick-2021-2\/aej-lehrgang-2021-in-holzhausen\/","og_locale":"de_DE","og_type":"article","og_title":"AEJ-Lehrgang 2021 in Holzhausen - Trachtengau M\u00fcnchen und Umgebung","og_url":"https:\/\/trachtengau.org\/wordpress\/berichte\/rueckblick-2021-2\/aej-lehrgang-2021-in-holzhausen\/","og_site_name":"Trachtengau M\u00fcnchen und Umgebung","article_modified_time":"2021-10-28T15:35:18+00:00","og_image":[{"url":"https:\/\/trachtengau.org\/wordpress\/wp-content\/uploads\/2021\/10\/DSC_0135-2-scaled.jpg"}],"twitter_card":"summary_large_image","twitter_misc":{"Gesch\u00e4tzte Lesezeit":"2\u00a0Minuten"},"schema":{"@context":"https:\/\/schema.org","@graph":[{"@type":"WebPage","@id":"https:\/\/trachtengau.org\/wordpress\/berichte\/rueckblick-2021-2\/aej-lehrgang-2021-in-holzhausen\/","url":"https:\/\/trachtengau.org\/wordpress\/berichte\/rueckblick-2021-2\/aej-lehrgang-2021-in-holzhausen\/","name":"AEJ-Lehrgang 2021 in Holzhausen - Trachtengau M\u00fcnchen und Umgebung","isPartOf":{"@id":"https:\/\/trachtengau.org\/wordpress\/#website"},"datePublished":"2021-10-28T15:14:31+00:00","dateModified":"2021-10-28T15:35:18+00:00","breadcrumb":{"@id":"https:\/\/trachtengau.org\/wordpress\/berichte\/rueckblick-2021-2\/aej-lehrgang-2021-in-holzhausen\/#breadcrumb"},"inLanguage":"de","potentialAction":[{"@type":"ReadAction","target":["https:\/\/trachtengau.org\/wordpress\/berichte\/rueckblick-2021-2\/aej-lehrgang-2021-in-holzhausen\/"]}]},{"@type":"BreadcrumbList","@id":"https:\/\/trachtengau.org\/wordpress\/berichte\/rueckblick-2021-2\/aej-lehrgang-2021-in-holzhausen\/#breadcrumb","itemListElement":[{"@type":"ListItem","position":1,"name":"Startseite","item":"https:\/\/trachtengau.org\/wordpress\/"},{"@type":"ListItem","position":2,"name":"Berichte","item":"https:\/\/trachtengau.org\/wordpress\/berichte\/"},{"@type":"ListItem","position":3,"name":"R\u00fcckblick 2021","item":"https:\/\/trachtengau.org\/wordpress\/berichte\/rueckblick-2021-2\/"},{"@type":"ListItem","position":4,"name":"AEJ-Lehrgang 2021 in Holzhausen"}]},{"@type":"WebSite","@id":"https:\/\/trachtengau.org\/wordpress\/#website","url":"https:\/\/trachtengau.org\/wordpress\/","name":"Trachtengau M\u00fcnchen und Umgebung","description":"","potentialAction":[{"@type":"SearchAction","target":{"@type":"EntryPoint","urlTemplate":"https:\/\/trachtengau.org\/wordpress\/?s={search_term_string}"},"query-input":"required name=search_term_string"}],"inLanguage":"de"}]}},"_links":{"self":[{"href":"https:\/\/trachtengau.org\/wordpress\/wp-json\/wp\/v2\/pages\/1208","targetHints":{"allow":["GET"]}}],"collection":[{"href":"https:\/\/trachtengau.org\/wordpress\/wp-json\/wp\/v2\/pages"}],"about":[{"href":"https:\/\/trachtengau.org\/wordpress\/wp-json\/wp\/v2\/types\/page"}],"author":[{"embeddable":true,"href":"https:\/\/trachtengau.org\/wordpress\/wp-json\/wp\/v2\/users\/2"}],"replies":[{"embeddable":true,"href":"https:\/\/trachtengau.org\/wordpress\/wp-json\/wp\/v2\/comments?post=1208"}],"version-history":[{"count":9,"href":"https:\/\/trachtengau.org\/wordpress\/wp-json\/wp\/v2\/pages\/1208\/revisions"}],"predecessor-version":[{"id":1218,"href":"https:\/\/trachtengau.org\/wordpress\/wp-json\/wp\/v2\/pages\/1208\/revisions\/1218"}],"up":[{"embeddable":true,"href":"https:\/\/trachtengau.org\/wordpress\/wp-json\/wp\/v2\/pages\/559"}],"wp:attachment":[{"href":"https:\/\/trachtengau.org\/wordpress\/wp-json\/wp\/v2\/media?parent=1208"}],"curies":[{"name":"wp","href":"https:\/\/api.w.org\/{rel}","templated":true}]}}